{"id":21979,"date":"2024-01-22T09:32:07","date_gmt":"2024-01-22T09:32:07","guid":{"rendered":"https:\/\/postaishistoricasmunicipais.vigo.org\/?page_id=21979"},"modified":"2024-05-16T08:56:48","modified_gmt":"2024-05-16T08:56:48","slug":"aviso-legal","status":"publish","type":"page","link":"https:\/\/postaishistoricasmunicipais.vigo.org\/es\/aviso-legal\/","title":{"rendered":"Aviso legal"},"content":{"rendered":"<h1>Aviso legal<\/h1>\n<h3><b>PRIMEIRA<\/b><\/h3>\n<p>O Concello de Vigo, a trav\u00e9s do portal &#8220;https:\/\/postaishistoricasmunicipais.vigo.org&#8221;, ofrece unha serie de recursos de documentaci\u00f3n hist\u00f3rica e permite a procura, o acceso e a visualizaci\u00f3n dos datos utilizando un navegador e posibilita a difusi\u00f3n de informaci\u00f3n entre as diversas instituci\u00f3ns, as empresas e a cidadan\u00eda.<\/p>\n<p>A\u00ednda que se efectuar\u00e1n os esforzos precisos para que a informaci\u00f3n contida sexa exacta e actualizada, o Concello de Vigo non garante a inexistencia de erros no contido deste Portal, nin que se atope totalmente actualizado.<\/p>\n<h3><b>SEGUNDA<\/b><\/h3>\n<p>Os dereitos de propiedade intelectual deste Portal e dos seus elementos contidos son titularidade do Concello de Vigo. As fotograf\u00edas das postais poden ter tam\u00e9n dereitos de propiedade intelectual do autor.<\/p>\n<h3><b>TERCEIRA<\/b><\/h3>\n<p>O Concello de Vigo informa do uso de cookies que utiliza o Portal, que en ning\u00fan caso se empregan para recoller informaci\u00f3n de car\u00e1cter persoal. Son de dous tipos:<\/p>\n<p>Cookies propias: O Portal usa cookies propias necesarias para o correcto funcionamento e visualizaci\u00f3n do Portal por parte das persoas usuarias.<\/p>\n<p>Cookies anal\u00edticas de terceiro: o Portal usa as cookies da ferramenta Google Analytics, que realiza unha medici\u00f3n e an\u00e1lise estat\u00edstica da navegaci\u00f3n dos usuarios na web, co fin de mellorar os servizos que ofrece o Portal. A informaci\u00f3n que xera a cookie \u00e9 directamente transmitida e arquivada por Google.<\/p>\n<p>Para garantir o anonimato, Google converte a s\u00faa informaci\u00f3n en an\u00f3nima truncando a direcci\u00f3n IP antes de almacenala. Tampouco asocia a s\u00faa direcci\u00f3n IP truncada a ning\u00fan outro dato conservado por Google, nin pode enviar a informaci\u00f3n recollida por Google Analytics a terceiros salvo cando estea legalmente obrigado a facelo, conforme as condici\u00f3ns de prestaci\u00f3n do servizo de Google Analytics.<\/p>\n<p>Se vostede desexa denegar o permiso para o tratamento estat\u00edstico dos datos ou da informaci\u00f3n con Google Analytics, prema aqu\u00ed (https:\/\/tools.google.com\/dlpage\/gaoptout?hl=es).<\/p>\n<p>Lembr\u00e1moslle que deber\u00e1 executar esta acci\u00f3n cada vez que cambie de navegador ou a s\u00faa configuraci\u00f3n, ou se elimina as cookies, posto que o indicador de denegaci\u00f3n se garda nunha cookie.<\/p>\n<h3><b>CUARTA<\/b><\/h3>\n<p>Os tratamentos dos datos de car\u00e1cter persoal que se recollen neste Portal est\u00e1n suxeitos \u00e1 regulaci\u00f3n b\u00e1sica de protecci\u00f3n de datos. As persoas usuarias te\u00f1en \u00e1 s\u00faa disposici\u00f3n toda a informaci\u00f3n relativa ao tratamento dos datos persoais levado a cabo polo Concello de Vigo inclu\u00edndo o modo no que poden exercitar os dereitos, o contacto coa persoa delegada de protecci\u00f3n de datos e demais aspectos segundo os termos esixidos polo Regulamento europeo de protecci\u00f3n de datos persoais, na seguinte ligaz\u00f3n: Protecci\u00f3n de datos (https:\/\/sede.vigo.org\/expedientes\/sede_textos\/texto.jsp?idt=sede_lopd&amp;lang=gal)<\/p>\n<h3><b>QUINTA<\/b><\/h3>\n<p>As ligaz\u00f3ns \u00e1s &#8220;web&#8221; de terceiros (&#8220;links&#8221;) non lle xeran responsabilidade ningunha \u00f3 Concello de Vigo.<\/p>\n<h3><b>SEXTA<\/b><\/h3>\n<p>O Concello de Vigo advirte que o env\u00edo de correo masivo ou non solicitado (&#8220;SPAM&#8221;) dirixido \u00e1s contas de correo electr\u00f3nico utilizadas no Portal dar\u00e1 lugar \u00e1 esixencia da oportuna responsabilidade \u00e1s persoas remitentes.<\/p>","protected":false},"excerpt":{"rendered":"<p>Aviso legal PRIMEIRA O Concello de Vigo, a trav\u00e9s do [&hellip;]<\/p>","protected":false},"author":1,"featured_media":0,"parent":0,"menu_order":0,"comment_status":"closed","ping_status":"closed","template":"","meta":{"_acf_changed":false,"footnotes":""},"class_list":["post-21979","page","type-page","status-publish","hentry"],"acf":[],"_links":{"self":[{"href":"https:\/\/postaishistoricasmunicipais.vigo.org\/es\/wp-json\/wp\/v2\/pages\/21979","targetHints":{"allow":["GET"]}}],"collection":[{"href":"https:\/\/postaishistoricasmunicipais.vigo.org\/es\/wp-json\/wp\/v2\/pages"}],"about":[{"href":"https:\/\/postaishistoricasmunicipais.vigo.org\/es\/wp-json\/wp\/v2\/types\/page"}],"author":[{"embeddable":true,"href":"https:\/\/postaishistoricasmunicipais.vigo.org\/es\/wp-json\/wp\/v2\/users\/1"}],"replies":[{"embeddable":true,"href":"https:\/\/postaishistoricasmunicipais.vigo.org\/es\/wp-json\/wp\/v2\/comments?post=21979"}],"version-history":[{"count":3,"href":"https:\/\/postaishistoricasmunicipais.vigo.org\/es\/wp-json\/wp\/v2\/pages\/21979\/revisions"}],"predecessor-version":[{"id":36591,"href":"https:\/\/postaishistoricasmunicipais.vigo.org\/es\/wp-json\/wp\/v2\/pages\/21979\/revisions\/36591"}],"wp:attachment":[{"href":"https:\/\/postaishistoricasmunicipais.vigo.org\/es\/wp-json\/wp\/v2\/media?parent=21979"}],"curies":[{"name":"wp","href":"https:\/\/api.w.org\/{rel}","templated":true}]}}