{"id":21971,"date":"2024-01-22T09:27:01","date_gmt":"2024-01-22T09:27:01","guid":{"rendered":"https:\/\/postaishistoricasmunicipais.vigo.org\/?page_id=21971"},"modified":"2024-05-16T08:49:11","modified_gmt":"2024-05-16T08:49:11","slug":"condicions-de-uso","status":"publish","type":"page","link":"https:\/\/postaishistoricasmunicipais.vigo.org\/es\/condicions-de-uso\/","title":{"rendered":"Condici\u00f3ns de uso dos datos e imaxes do portal"},"content":{"rendered":"<h1>Condici\u00f3ns de uso dos datos e imaxes do portal<\/h1>\n<p>A colecci\u00f3n de postais municipais hist\u00f3ricas ponse a disposici\u00f3n para o seu uso sen fins comerciais. Isto significa que as postais poden ser utilizadas para investigaci\u00f3n, educaci\u00f3n e goce persoal, pero non poden ser vendidas ou utilizadas para xerar ganancias.<\/p>\n<p><strong>Contacto<\/strong><\/p>\n<p>Se ten algunha pregunta sobre os dereitos de uso da colecci\u00f3n de postais antigas, ou si desexa obter permiso para usar unha postal en particular, p\u00f3\u00f1ase en contacto con museocastrelos@vigo.org.<\/p>\n<p><strong>Modificaci\u00f3ns<\/strong><\/p>\n<p>Este texto de dereitos de uso pode ser modificado no futuro. Avisarase aos usuarios de calquera cambio mediante unha publicaci\u00f3n no sitio web da colecci\u00f3n.<\/p>\n<p>&nbsp;<\/p>\n<p>&nbsp;<\/p>\n<p>&nbsp;<\/p>","protected":false},"excerpt":{"rendered":"<p>Condici\u00f3ns de uso dos datos e imaxes do portal A [&hellip;]<\/p>","protected":false},"author":1,"featured_media":0,"parent":0,"menu_order":0,"comment_status":"closed","ping_status":"closed","template":"","meta":{"_acf_changed":false,"footnotes":""},"class_list":["post-21971","page","type-page","status-publish","hentry"],"acf":[],"_links":{"self":[{"href":"https:\/\/postaishistoricasmunicipais.vigo.org\/es\/wp-json\/wp\/v2\/pages\/21971","targetHints":{"allow":["GET"]}}],"collection":[{"href":"https:\/\/postaishistoricasmunicipais.vigo.org\/es\/wp-json\/wp\/v2\/pages"}],"about":[{"href":"https:\/\/postaishistoricasmunicipais.vigo.org\/es\/wp-json\/wp\/v2\/types\/page"}],"author":[{"embeddable":true,"href":"https:\/\/postaishistoricasmunicipais.vigo.org\/es\/wp-json\/wp\/v2\/users\/1"}],"replies":[{"embeddable":true,"href":"https:\/\/postaishistoricasmunicipais.vigo.org\/es\/wp-json\/wp\/v2\/comments?post=21971"}],"version-history":[{"count":8,"href":"https:\/\/postaishistoricasmunicipais.vigo.org\/es\/wp-json\/wp\/v2\/pages\/21971\/revisions"}],"predecessor-version":[{"id":36589,"href":"https:\/\/postaishistoricasmunicipais.vigo.org\/es\/wp-json\/wp\/v2\/pages\/21971\/revisions\/36589"}],"wp:attachment":[{"href":"https:\/\/postaishistoricasmunicipais.vigo.org\/es\/wp-json\/wp\/v2\/media?parent=21971"}],"curies":[{"name":"wp","href":"https:\/\/api.w.org\/{rel}","templated":true}]}}